{"id":35938,"date":"2023-05-09T14:34:33","date_gmt":"2023-05-09T12:34:33","guid":{"rendered":"https:\/\/portalefarmaci.agenziaindustriedifesa.it\/demo\/?page_id=35938"},"modified":"2023-05-09T15:36:14","modified_gmt":"2023-05-09T13:36:14","slug":"farmacovigilanza","status":"publish","type":"page","link":"https:\/\/portalefarmaci.agenziaindustriedifesa.it\/demo\/?page_id=35938","title":{"rendered":"Farmacovigilanza"},"content":{"rendered":"<p><span style=\"font-size: 14pt;\"><strong>FARMACOVIGILANZA<\/strong><\/span><\/p>\n<p>La Farmacovigilanza \u00e8 l\u2019insieme delle attivit\u00e0 finalizzate all\u2019identificazione, valutazione, comprensione e prevenzione degli effetti avversi (definiti anche \u201creazioni avverse\u201d) o qualsiasi altro problema potenzialmente correlati all\u2019uso dei medicinali.<\/p>\n<p>Quando un farmaco viene messo in commercio, gli unici effetti avversi noti sono quelli derivanti dagli studi clinici pre-registrativi, generalmente condotti su un numero di pazienti adatto a individuare le reazioni pi\u00f9 comuni.<\/p>\n<p>Dopo la commercializzazione, il farmaco viene somministrato ad un numero pi\u00f9 ampio di pazienti, aprendo la possibilit\u00e0 di conoscerne in modo approfondito il rapporto rischio\/beneficio legato all\u2019uso, attraverso la raccolta sistematica degli eventi avversi.<\/p>\n<p>L\u2019obiettivo della Farmacovigilanza \u00e8\u00a0<strong>definire al meglio la sicurezza nell\u2019uso dei medicinali, migliorare le modalit\u00e0 con cui vengono utilizzati e stabilire un profilo di sicurezza che corrisponda alla reale pratica medica.<\/strong><\/p>\n<p><strong>\u00a0<\/strong><\/p>\n<p><strong>La segnalazione di sospette reazioni avverse da parte degli operatori sanitari e dei pazienti rappresenta per la farmacovigilanza la fonte principale di informazioni di sicurezza sul farmaco.<\/strong><\/p>\n<p><strong>\u00a0<\/strong><\/p>\n<p><strong>Adempiendo ad un preciso obbligo di legge in materia, il Servizio di Farmacovigilanza di SCFM <\/strong>raccoglie e valuta ogni segnalazione, aggiornando costantemente le informazioni sulla sicurezza dei propri medicinali.<\/p>\n<p>&nbsp;<\/p>\n<p>Secondo quanto previsto dalla normativa italiana, \u00e8 possibile segnalare la comparsa di un qualsiasi effetto indesiderato con diverse modalit\u00e0:<\/p>\n<p>&nbsp;<\/p>\n<ol>\n<li><strong>per il paziente\/cittadino<\/strong>: riferire l\u2019informazione al proprio medico \/farmacista oppure compilare direttamente l\u2019apposita scheda online per la segnalazione di sospetta reazione avversa al link:<\/li>\n<\/ol>\n<p style=\"padding-left: 40px;\"><a href=\"https:\/\/servizionline.aifa.gov.it\/schedasegnalazioni\/#\/\">https:\/\/servizionline.aifa.gov.it\/schedasegnalazioni\/#\/<\/a><\/p>\n<p style=\"padding-left: 40px;\">oppure scaricare i moduli: <a href=\"https:\/\/www.aifa.gov.it\/moduli-segnalazione-reazioni-avverse\">Moduli segnalazione reazioni avverse | Agenzia Italiana del Farmaco (aifa.gov.it)<\/a><\/p>\n<ol start=\"2\">\n<li><strong>per<\/strong> <strong>l\u2019operatore sanitario<\/strong>: compilare online l\u2019apposita scheda per la segnalazione di sospetta reazione avversa al link: <a href=\"https:\/\/servizionline.aifa.gov.it\/schedasegnalazioni\/#\/\">https:\/\/servizionline.aifa.gov.it\/schedasegnalazioni\/#\/<\/a><\/li>\n<\/ol>\n<p style=\"padding-left: 40px;\">oppure scaricare i moduli: <a href=\"https:\/\/www.aifa.gov.it\/moduli-segnalazione-reazioni-avverse\">Moduli segnalazione reazioni avverse | Agenzia Italiana del Farmaco (aifa.gov.it)<\/a><\/p>\n<p>&nbsp;<\/p>\n<p>In entrambi i casi, i moduli compilati vanno inoltrati al responsabile di Farmacovigilanza della struttura sanitaria di appartenenza. La lista aggiornata dei responsabili di Farmacovigilanza per le diverse strutture sanitarie, suddivisa per regioni, \u00e8 reperibile al link <a href=\"https:\/\/www.aifa.gov.it\/web\/guest\/responsabili-farmacovigilanza\">Responsabili di farmacovigilanza | Agenzia Italiana del Farmaco (aifa.gov.it)<\/a><\/p>\n<p>&nbsp;<\/p>\n<ol start=\"3\">\n<li><strong>Il Servizio di Farmacovigilanza SCFM pu\u00f2 essere contattato tramite la pagina contatti<em>.<\/em><\/strong><\/li>\n<\/ol>\n<p><strong><em>\u00a0<\/em><\/strong><\/p>\n<p><em>INFORMATIVA SULLA PRIVACY<\/em><\/p>\n<p><em>Ai sensi e per gli effetti art. 13 del Regolamento (EU) 2016\/679 (General Data Protection Regulation, di seguito, &#8220;GDPR&#8221;), AGENZIE INDUSTRIA DIFESA \u2013 STABILIMENTO CHIMICO FARMACEUTICO MILITARE (\u201cSCFM\u201d) La informa con la presente in merito al trattamento dei dati personali da Lei conferiti nel pieno rispetto della normativa applicabile e per le sole finalit\u00e0 di seguito riportate.<\/em><\/p>\n<p><em>\u00a0<\/em><\/p>\n<ol>\n<li><strong><em>Oggetto del trattamento<\/em><\/strong><\/li>\n<li><em>I Suoi dati personali (nome, cognome, indirizzo, recapiti telefonici, e-mail), e gli ulteriori dati personali (idonei a rivelare lo stato di salute) che ci conferir\u00e0 Lei stesso via e-mail o telefonicamente.<\/em><\/li>\n<\/ol>\n<p><strong><em>\u00a0<\/em><\/strong><\/p>\n<p><strong><em>Base giuridica del trattamento<\/em><\/strong><\/p>\n<p><strong><em>\u00a0<\/em><\/strong><\/p>\n<ol start=\"2\">\n<li><strong><em>Finalit\u00e0 e modalit\u00e0 del trattamento<\/em><\/strong><\/li>\n<li><em>Il trattamento delle informazioni personali che La riguardano sar\u00e0 improntato ai principi di correttezza, liceit\u00e0 e trasparenza e di tutela della Sua riservatezza e dei Suoi diritti, come previsto dall\u2019art.5 del GDPR.<\/em><\/li>\n<li><em>Il trattamento sar\u00e0 effettuato su supporto informatico e cartaceo ed inoltre i Suoi dati saranno oggetto di raccolta ed archiviazione sia in banche dati informatiche che in archivi cartacei.<\/em><\/li>\n<li><em>Il trattamento dei dati da Lei forniti sar\u00e0 finalizzato unicamente per rispondere:<\/em><\/li>\n<\/ol>\n<ul>\n<li><em>alle segnalazioni spontanee di sospette reazioni avverse del farmaco e relative richieste di approfondimento da parte del personale del dipartimento di farmacovigilanza in conformit\u00e0 alle normative italiane vigenti in tema di Farmacovigilanza;<\/em><\/li>\n<li><em>ad eventuali quesiti o richieste di approfondimento ed informazioni relativi ai farmaci di SCFM che vengano inviate a SCFM.<\/em><\/li>\n<\/ul>\n<ol>\n<li><em>Il trattamento sar\u00e0 effettuato rispettando ed applicando le misure di sicurezza idonee a salvaguardare la riservatezza, l\u2019integrit\u00e0 e la completezza dei dati trattati, secondo quanto disposto dall\u2019articolo 32 del GDPR ed in conformit\u00e0 alle istruzioni impartite dal titolare del trattamento;<\/em><\/li>\n<li><em>I Suoi dati personali potranno essere trattati (mediante le operazioni di cui all&#8217;art. 4, clausola 2, del GDPR) i) dal Titolare, ii) dalle persone autorizzate della Divisione di Farmacovigilanza, dalla Direzione Medica di SCFM.<\/em><\/li>\n<li><em>I Suoi dati personali non saranno diffusi, ma potranno essere comunicati a tutti i soggetti autorizzati ad accedervi in ottemperanza a disposizioni di legge, normativa secondaria o per finalit\u00e0 connesse ad obblighi di legge relativi alla Farmacovigilanza.<\/em><\/li>\n<li><em>I dati potranno essere trattati da soggetti terzi appartenenti alla comunit\u00e0 europea che abbiano necessit\u00e0 di conoscerli a causa della propria attivit\u00e0 o mansione per le finalit\u00e0 sopra illustrate e saranno trattati con strumenti cartacei e\/o informatici. In tal caso i soggetti terzi sono individuati tra coloro che per esperienza, capacit\u00e0 e affidabilit\u00e0 forniscano idonea garanzia del pieno rispetto delle vigenti disposizioni in materia di trattamento, ivi compreso il profilo della sicurezza. Tali soggetti sono designati quali Responsabili esterni del trattamento ed il loro elenco aggiornato \u00e8 disponibile in ogni momento contattando il Titolare.<\/em><\/li>\n<\/ol>\n<p><em>\u00a0<\/em><\/p>\n<ol start=\"3\">\n<li><strong><em>Estremi identificativi del Titolare<\/em><\/strong><em><br \/>\nTitolare del trattamento dei Suoi dati, a norma di legge, \u00e8 la societ\u00e0 SCFM per le segnalazioni di reazioni avverse relative ai prodotti SCFM <\/em><em>.<\/em><em><em><br \/>\nIl Titolare ha provveduto alla nomina dei Responsabili e delle persone autorizzate al trattamento dei dati personali nell&#8217;ambito delle Direzioni e Divisioni coinvolte nel trattamento. I nominativi verranno resi noti all&#8217;occorrenza, in relazione alle esigenze del caso specifico, previa richiesta a SCFM.<\/em><\/em><\/li>\n<li><strong><em>Diritti dell\u2019interessato<\/em><\/strong><\/li>\n<li><em>Il capitolo III del GDPR, Le riconosce numerosi diritti, tra i quali, il diritto di essere informato di tutti i dati in nostro possesso, delle finalit\u00e0 per cui sono stati raccolti e delle modalit\u00e0 con cui vengono trattati, il diritto di ottenere il loro aggiornamento e la loro cancellazione.<\/em><\/li>\n<li><em>Lei potr\u00e0 esercitare i diritti che Le sono riconosciuti dalla legge mediante richiesta al Data Protection Officer di SCFM: email\u00a0<\/em><em>.<\/em><\/li>\n<\/ol>\n<p><em>\u00a0<\/em><\/p>\n<p><em>\u00a0<\/em><em><br \/>\nSi riportano, di seguito I principali articoli del capitolo III del GDPR:<br \/>\nArt. 15 (1) \u201cDiritto di accesso dell\u2019interessato\u201d<br \/>\nArticle 16 \u201cDiritto di rettifica\u201d<br \/>\nArticle 17 (1) \u201cDiritto alla cancellazione (\u00abdiritto all\u2019oblio\u00bb)\u201d<br \/>\nArticle 18 (1) \u201cDiritto di limitazione di trattamento\u201d<br \/>\nArticle 19 \u201cObbligo di notifica in caso di rettifica o cancellazione dei dati personali o limitazione del trattamento\u201d<br \/>\nArticle 20 (1) &#8221; Diritto alla portabilit\u00e0 dei dati \u201c<br \/>\n<\/em>Article 21 &#8221; Diritto di opposizione \u201c<br \/>\nArticle 22 \u201cProcesso decisionale automatizzato relativo alle persone fisiche, compresa la profilazione\u201d<\/p>\n<p><strong>\u00a0<\/strong><\/p>\n<p><strong>Dichiarazione di presa visione dell\u2019informativa e consenso al trattamento dei dati personali<\/strong><\/p>\n<p>&nbsp;<\/p>\n<p>Il sottoscritto, presa visione dell\u2019informativa,<\/p>\n<ul style=\"list-style-type: circle;\">\n<li>esprime il proprio consenso*<\/li>\n<li>nega il proprio consenso*<\/li>\n<\/ul>\n<p>a tutte le operazioni di trattamento dei propri dati per le finalit\u00e0 e con le modalit\u00e0 di cui al punto 2. dell\u2019informativa.<br \/>\nTutte le predette attivit\u00e0 saranno svolte da SCFM in conformit\u00e0 alla normativa vigente.<\/p>\n<p>Negando il consenso non sar\u00e0 possibile procedere all\u2019invio della segnalazione agli uffici preposti di SCFM.<\/p>\n<p><strong>Per approfondimenti sulla Farmacovigilanza e sulle modalit\u00e0 di segnalazione:\u00a0<\/strong><\/p>\n<p><strong>\u00a0<\/strong><a href=\"https:\/\/www.aifa.gov.it\/farmacovigilanza1\">https:\/\/www.aifa.gov.it\/farmacovigilanza1<\/a><\/p>\n<p><a href=\"https:\/\/www.aifa.gov.it\/web\/guest\/content\/segnalazioni-reazioni-avverse\">Come segnalare una reazione avversa | Agenzia Italiana del Farmaco (aifa.gov.it)<\/a><\/p>\n<p>&nbsp;<\/p>\n<p>&nbsp;<\/p>\n<p>&nbsp;<\/p>\n<p>&nbsp;<\/p>\n<p>&nbsp;<\/p>\n<p>&nbsp;<\/p>\n<p>&nbsp;<\/p>\n<p>&nbsp;<\/p>\n<p>&nbsp;<\/p>\n","protected":false},"excerpt":{"rendered":"<p>FARMACOVIGILANZA La Farmacovigilanza \u00e8 l\u2019insieme delle attivit\u00e0 finalizzate all\u2019identificazione, valutazione, comprensione e prevenzione degli effetti avversi (definiti anche \u201creazioni avverse\u201d) o qualsiasi altro problema potenzialmente correlati all\u2019uso dei medicinali. Quando un farmaco viene messo in commercio, gli unici effetti avversi noti sono quelli derivanti dagli studi clinici pre-registrativi, generalmente condotti su un numero di pazienti [&hellip;]<\/p>\n","protected":false},"author":8,"featured_media":0,"parent":0,"menu_order":0,"comment_status":"closed","ping_status":"closed","template":"","meta":{"footnotes":""},"class_list":["post-35938","page","type-page","status-publish","hentry"],"_links":{"self":[{"href":"https:\/\/portalefarmaci.agenziaindustriedifesa.it\/demo\/index.php?rest_route=\/wp\/v2\/pages\/35938","targetHints":{"allow":["GET"]}}],"collection":[{"href":"https:\/\/portalefarmaci.agenziaindustriedifesa.it\/demo\/index.php?rest_route=\/wp\/v2\/pages"}],"about":[{"href":"https:\/\/portalefarmaci.agenziaindustriedifesa.it\/demo\/index.php?rest_route=\/wp\/v2\/types\/page"}],"author":[{"embeddable":true,"href":"https:\/\/portalefarmaci.agenziaindustriedifesa.it\/demo\/index.php?rest_route=\/wp\/v2\/users\/8"}],"replies":[{"embeddable":true,"href":"https:\/\/portalefarmaci.agenziaindustriedifesa.it\/demo\/index.php?rest_route=%2Fwp%2Fv2%2Fcomments&post=35938"}],"version-history":[{"count":4,"href":"https:\/\/portalefarmaci.agenziaindustriedifesa.it\/demo\/index.php?rest_route=\/wp\/v2\/pages\/35938\/revisions"}],"predecessor-version":[{"id":35944,"href":"https:\/\/portalefarmaci.agenziaindustriedifesa.it\/demo\/index.php?rest_route=\/wp\/v2\/pages\/35938\/revisions\/35944"}],"wp:attachment":[{"href":"https:\/\/portalefarmaci.agenziaindustriedifesa.it\/demo\/index.php?rest_route=%2Fwp%2Fv2%2Fmedia&parent=35938"}],"curies":[{"name":"wp","href":"https:\/\/api.w.org\/{rel}","templated":true}]}}